{"id":45,"date":"2014-05-02T09:15:32","date_gmt":"2014-05-02T09:15:32","guid":{"rendered":"http:\/\/kc-motors.com\/web\/?page_id=45"},"modified":"2014-05-02T11:48:48","modified_gmt":"2014-05-02T11:48:48","slug":"contacto","status":"publish","type":"page","link":"http:\/\/kc-motors.com\/web\/contacto\/","title":{"rendered":"Contacto"},"content":{"rendered":"<p><strong>Contacte con nosotros<\/strong><\/p>\n<p>&nbsp;<\/p>\n<p><strong>LEY DE PROTECCI\u00d3N DE DATOS<\/strong><\/p>\n<p style=\"text-align: justify;\">De conformidad con lo que dispone la Ley Org\u00e1nica 15\/1999, del 13 de diciembre, de Protecci\u00f3n de Datos de Car\u00e1cter Personal (LOPD), le informamos que sus datos personales se incorporar\u00e1n a ficheros titularidad de KC-MOTORS con la finalidad de poder atender adecuadamente sus peticiones de informaci\u00f3n y elaborar los presupuestos que puedan solicitarnos. Para ejercitar los derechos de acceso, rectificaci\u00f3n, cancelaci\u00f3n y oposici\u00f3n que contempla la Ley, puede dirigirse mediante carta a KC-MOTORS, Pol\u00edgono Industrial\u00a0Tecnoc\u00f3rdoba &#8211; C\/ Helsinki 13 y C\/ Estocolmo 14 (junto Pol. Las Quemadas) &#8211; 14014 C\u00f3rdoba.<\/p>\n<p style=\"text-align: justify;\"><a title=\"Formulario de Contacto\" href=\"http:\/\/kc-motors.com\/web\/?page_id=83\">ACEPTO LAS CONDICIONES, ACCEDER AL FORMULARIO DE CONTACTO<\/a><\/p>\n<p style=\"text-align: justify;\"><iframe loading=\"lazy\" style=\"border: 0;\" src=\"https:\/\/www.google.com\/maps\/embed?pb=!1m14!1m8!1m3!1d50373.35435960463!2d-4.745922!3d37.89924!3m2!1i1024!2i768!4f13.1!3m3!1m2!1s0xd6cdfe154dc0b5d%3A0xdc572ac7c0fdc118!2skc-motors!5e0!3m2!1ses!2ses!4v1399029687142\" height=\"450\" width=\"600\" frameborder=\"0\"><\/iframe><\/p>\n","protected":false},"excerpt":{"rendered":"<p>Contacte con nosotros &nbsp; LEY DE PROTECCI\u00d3N DE DATOS De conformidad con lo que dispone la Ley Org\u00e1nica 15\/1999, del 13 de diciembre, de Protecci\u00f3n de Datos de Car\u00e1cter Personal (LOPD), le informamos que sus datos personales se incorporar\u00e1n a<\/p>\n","protected":false},"author":1,"featured_media":0,"parent":0,"menu_order":0,"comment_status":"closed","ping_status":"closed","template":"","meta":{"footnotes":""},"class_list":["post-45","page","type-page","status-publish","hentry"],"_links":{"self":[{"href":"http:\/\/kc-motors.com\/web\/wp-json\/wp\/v2\/pages\/45","targetHints":{"allow":["GET"]}}],"collection":[{"href":"http:\/\/kc-motors.com\/web\/wp-json\/wp\/v2\/pages"}],"about":[{"href":"http:\/\/kc-motors.com\/web\/wp-json\/wp\/v2\/types\/page"}],"author":[{"embeddable":true,"href":"http:\/\/kc-motors.com\/web\/wp-json\/wp\/v2\/users\/1"}],"replies":[{"embeddable":true,"href":"http:\/\/kc-motors.com\/web\/wp-json\/wp\/v2\/comments?post=45"}],"version-history":[{"count":5,"href":"http:\/\/kc-motors.com\/web\/wp-json\/wp\/v2\/pages\/45\/revisions"}],"predecessor-version":[{"id":86,"href":"http:\/\/kc-motors.com\/web\/wp-json\/wp\/v2\/pages\/45\/revisions\/86"}],"wp:attachment":[{"href":"http:\/\/kc-motors.com\/web\/wp-json\/wp\/v2\/media?parent=45"}],"curies":[{"name":"wp","href":"https:\/\/api.w.org\/{rel}","templated":true}]}}