{"id":21,"date":"2014-05-02T07:57:24","date_gmt":"2014-05-02T07:57:24","guid":{"rendered":"http:\/\/kc-motors.com\/web\/?page_id=21"},"modified":"2015-09-28T11:14:21","modified_gmt":"2015-09-28T11:14:21","slug":"productos","status":"publish","type":"page","link":"http:\/\/kc-motors.com\/web\/productos\/","title":{"rendered":"Productos"},"content":{"rendered":"<p>En KC-MOTORS encontrar\u00e1s una amplia variedad de productos:<\/p>\n<p>&nbsp;<\/p>\n<table style=\"height: 226px;\" width=\"557\">\n<tbody>\n<tr>\n<td><a href=\"http:\/\/repuestosdebuggy.com\/tienda\/index.php?id_category=37&amp;controller=category&amp;id_lang=3\"><img loading=\"lazy\" decoding=\"async\" class=\"aligncenter wp-image-8 size-thumbnail\" src=\"http:\/\/kc-motors.com\/web\/wp-content\/uploads\/2014\/03\/imagen-001-150x150.jpg\" alt=\"\" width=\"150\" height=\"150\" srcset=\"http:\/\/kc-motors.com\/web\/wp-content\/uploads\/2014\/03\/imagen-001-150x150.jpg 150w, http:\/\/kc-motors.com\/web\/wp-content\/uploads\/2014\/03\/imagen-001-270x270.jpg 270w\" sizes=\"auto, (max-width: 150px) 100vw, 150px\" \/><\/a><\/p>\n<p style=\"text-align: center;\"><span style=\"color: #0fbe7c;\"><a style=\"color: #0fbe7c;\" href=\"http:\/\/repuestosdebuggy.com\/tienda\/index.php?id_category=37&amp;controller=category&amp;id_lang=3\"><strong>Buggies<\/strong><\/a><\/span><\/p>\n<\/td>\n<td><a href=\"http:\/\/repuestosdebuggy.com\/tienda\/index.php?id_category=37&amp;controller=category&amp;id_lang=3\"><img loading=\"lazy\" decoding=\"async\" class=\"aligncenter wp-image-133 size-thumbnail\" src=\"http:\/\/kc-motors.com\/web\/wp-content\/uploads\/2014\/05\/Suzuki_LT-F300_FK4_King_Quad-150x150.jpg\" alt=\"\" width=\"150\" height=\"150\" srcset=\"http:\/\/kc-motors.com\/web\/wp-content\/uploads\/2014\/05\/Suzuki_LT-F300_FK4_King_Quad-150x150.jpg 150w, http:\/\/kc-motors.com\/web\/wp-content\/uploads\/2014\/05\/Suzuki_LT-F300_FK4_King_Quad-270x270.jpg 270w, http:\/\/kc-motors.com\/web\/wp-content\/uploads\/2014\/05\/Suzuki_LT-F300_FK4_King_Quad-230x230.jpg 230w\" sizes=\"auto, (max-width: 150px) 100vw, 150px\" \/><\/a><\/p>\n<p style=\"text-align: center;\"><span style=\"color: #0fbe7c;\"><a style=\"color: #0fbe7c;\" href=\"http:\/\/repuestosdebuggy.com\/tienda\/index.php?id_category=37&amp;controller=category&amp;id_lang=3\"><strong>Quads<\/strong><\/a><\/span><\/p>\n<\/td>\n<td><a href=\"http:\/\/repuestosdebuggy.com\/tienda\/index.php?id_category=49&amp;controller=category&amp;id_lang=3\"><img loading=\"lazy\" decoding=\"async\" class=\"wp-image-141 size-thumbnail aligncenter\" src=\"http:\/\/kc-motors.com\/web\/wp-content\/uploads\/2014\/05\/Yoshimura-Stainless-steel-motorcycle-exhaust-pipe-GP-Force-scooter-exhaust-muffler-silencieux-moto-escape-silenciador-100-1-150x150.jpg\" alt=\"Yoshimura-Stainless-steel-motorcycle-exhaust-pipe-GP-Force-scooter-exhaust-muffler-silencieux-moto-escape-silenciador-100 (1)\" width=\"150\" height=\"150\" srcset=\"http:\/\/kc-motors.com\/web\/wp-content\/uploads\/2014\/05\/Yoshimura-Stainless-steel-motorcycle-exhaust-pipe-GP-Force-scooter-exhaust-muffler-silencieux-moto-escape-silenciador-100-1-150x150.jpg 150w, http:\/\/kc-motors.com\/web\/wp-content\/uploads\/2014\/05\/Yoshimura-Stainless-steel-motorcycle-exhaust-pipe-GP-Force-scooter-exhaust-muffler-silencieux-moto-escape-silenciador-100-1-270x270.jpg 270w, http:\/\/kc-motors.com\/web\/wp-content\/uploads\/2014\/05\/Yoshimura-Stainless-steel-motorcycle-exhaust-pipe-GP-Force-scooter-exhaust-muffler-silencieux-moto-escape-silenciador-100-1-230x230.jpg 230w\" sizes=\"auto, (max-width: 150px) 100vw, 150px\" \/><\/a><\/p>\n<p style=\"text-align: center;\"><span style=\"color: #0fbe7c;\"><a style=\"color: #0fbe7c;\" href=\"http:\/\/repuestosdebuggy.com\/tienda\/index.php?id_category=49&amp;controller=category&amp;id_lang=3\"><strong>Accesorios<\/strong><\/a><\/span><\/p>\n<\/td>\n<\/tr>\n<\/tbody>\n<\/table>\n<p>&nbsp;<\/p>\n<p><a title=\"Tienda Virtual\" href=\"http:\/\/kc-motors.com\/tienda\/\">Para m\u00e1s informaci\u00f3n, visite nuestra tienda V\u00edrtual.<\/a><\/p>\n","protected":false},"excerpt":{"rendered":"<p>En KC-MOTORS encontrar\u00e1s una amplia variedad de productos: &nbsp; Buggies Quads Accesorios &nbsp; Para m\u00e1s informaci\u00f3n, visite nuestra tienda V\u00edrtual.<\/p>\n","protected":false},"author":1,"featured_media":0,"parent":0,"menu_order":0,"comment_status":"closed","ping_status":"closed","template":"","meta":{"footnotes":""},"class_list":["post-21","page","type-page","status-publish","hentry"],"_links":{"self":[{"href":"http:\/\/kc-motors.com\/web\/wp-json\/wp\/v2\/pages\/21","targetHints":{"allow":["GET"]}}],"collection":[{"href":"http:\/\/kc-motors.com\/web\/wp-json\/wp\/v2\/pages"}],"about":[{"href":"http:\/\/kc-motors.com\/web\/wp-json\/wp\/v2\/types\/page"}],"author":[{"embeddable":true,"href":"http:\/\/kc-motors.com\/web\/wp-json\/wp\/v2\/users\/1"}],"replies":[{"embeddable":true,"href":"http:\/\/kc-motors.com\/web\/wp-json\/wp\/v2\/comments?post=21"}],"version-history":[{"count":35,"href":"http:\/\/kc-motors.com\/web\/wp-json\/wp\/v2\/pages\/21\/revisions"}],"predecessor-version":[{"id":147,"href":"http:\/\/kc-motors.com\/web\/wp-json\/wp\/v2\/pages\/21\/revisions\/147"}],"wp:attachment":[{"href":"http:\/\/kc-motors.com\/web\/wp-json\/wp\/v2\/media?parent=21"}],"curies":[{"name":"wp","href":"https:\/\/api.w.org\/{rel}","templated":true}]}}